{"id":32,"date":"2021-01-11T17:19:58","date_gmt":"2021-01-11T16:19:58","guid":{"rendered":"http:\/\/195483.test-my-website.de\/?page_id=32"},"modified":"2024-11-18T15:17:35","modified_gmt":"2024-11-18T14:17:35","slug":"ueber-uns","status":"publish","type":"page","link":"https:\/\/www.mulitra.de\/?page_id=32","title":{"rendered":"\u00dcber uns"},"content":{"rendered":"\n<p><strong>\u00dcberall da, wo der Umgang mit Daten zum Gesch\u00e4ftsbetrieb geh\u00f6rt, sorgen wir f\u00fcr Sicherheit.<\/strong><\/p>\n\n\n\n<p>mulitra ist seit 2009 in folgenden Bereichen t\u00e4tig. <\/p>\n\n\n\n<p>Beratung \/ Consulting<br>Coaching \/ Schulung \/ Training<br>Projektmanagement \/ -leitung \/ Organisation \/ Koordination<br>Administration \/ Support<br>Qualit\u00e4tsmanagement \/ Qualit\u00e4tssicherung \/ Test<\/p>\n\n\n\n<p><\/p>\n","protected":false},"excerpt":{"rendered":"<p>\u00dcberall da, wo der Umgang mit Daten zum Gesch\u00e4ftsbetrieb geh\u00f6rt, sorgen wir f\u00fcr Sicherheit. mulitra ist seit 2009 in folgenden Bereichen t\u00e4tig. Beratung \/ ConsultingCoaching \/ Schulung \/ TrainingProjektmanagement \/ -leitung \/ Organisation \/ KoordinationAdministration \/ SupportQualit\u00e4tsmanagement \/ Qualit\u00e4tssicherung \/ Test<\/p>\n","protected":false},"author":1,"featured_media":62,"parent":0,"menu_order":0,"comment_status":"closed","ping_status":"closed","template":"","meta":{"footnotes":""},"class_list":["post-32","page","type-page","status-publish","has-post-thumbnail","hentry"],"_links":{"self":[{"href":"https:\/\/www.mulitra.de\/index.php?rest_route=\/wp\/v2\/pages\/32","targetHints":{"allow":["GET"]}}],"collection":[{"href":"https:\/\/www.mulitra.de\/index.php?rest_route=\/wp\/v2\/pages"}],"about":[{"href":"https:\/\/www.mulitra.de\/index.php?rest_route=\/wp\/v2\/types\/page"}],"author":[{"embeddable":true,"href":"https:\/\/www.mulitra.de\/index.php?rest_route=\/wp\/v2\/users\/1"}],"replies":[{"embeddable":true,"href":"https:\/\/www.mulitra.de\/index.php?rest_route=%2Fwp%2Fv2%2Fcomments&post=32"}],"version-history":[{"count":7,"href":"https:\/\/www.mulitra.de\/index.php?rest_route=\/wp\/v2\/pages\/32\/revisions"}],"predecessor-version":[{"id":219,"href":"https:\/\/www.mulitra.de\/index.php?rest_route=\/wp\/v2\/pages\/32\/revisions\/219"}],"wp:featuredmedia":[{"embeddable":true,"href":"https:\/\/www.mulitra.de\/index.php?rest_route=\/wp\/v2\/media\/62"}],"wp:attachment":[{"href":"https:\/\/www.mulitra.de\/index.php?rest_route=%2Fwp%2Fv2%2Fmedia&parent=32"}],"curies":[{"name":"wp","href":"https:\/\/api.w.org\/{rel}","templated":true}]}}