{"id":31,"date":"2021-01-11T17:19:58","date_gmt":"2021-01-11T16:19:58","guid":{"rendered":"http:\/\/195483.test-my-website.de\/?page_id=31"},"modified":"2024-11-18T15:11:41","modified_gmt":"2024-11-18T14:11:41","slug":"startseite","status":"publish","type":"page","link":"https:\/\/www.mulitra.de\/","title":{"rendered":"Start"},"content":{"rendered":"\n<p>Willkommen bei mulitra Informationssicherheit<\/p>\n\n\n\n<blockquote class=\"wp-block-quote is-layout-flow wp-block-quote-is-layout-flow\">\n<p>Damit Sie sich voll und<br>ganz auf Ihre Patienten<br>konzentrieren k\u00f6nnen!<\/p>\n<\/blockquote>\n\n\n<div class=\"wp-block-image\">\n<figure class=\"alignright size-full\"><img loading=\"lazy\" decoding=\"async\" width=\"207\" height=\"238\" src=\"https:\/\/www.mulitra.de\/wp-content\/uploads\/2024\/11\/CyberRisikoCheck_Logo.png\" alt=\"\" class=\"wp-image-206\"\/><\/figure>\n<\/div>\n\n\n<p><strong>mulitra Informationssicherheit<\/strong> sorgt daf\u00fcr, da\u00df die Anforderungen der Richtlinien eingehalten werden.<br>Die drei Grundwerte der Informationssicherheit:<br>Vertraulichkeit, Verf\u00fcgbarkeit und Integrit\u00e4t werden dabei betrachtet.<br><\/p>\n\n\n\n<p>Sie konzentrieren sich auf Ihr Fachgebiet, wir k\u00fcmmern uns um<br>die technischen Sicherheitsaspekte und Sie<br>bleiben zukunftssicher.<\/p>\n","protected":false},"excerpt":{"rendered":"<p>Willkommen bei mulitra Informationssicherheit Damit Sie sich voll undganz auf Ihre Patientenkonzentrieren k\u00f6nnen! mulitra Informationssicherheit sorgt daf\u00fcr, da\u00df die Anforderungen der Richtlinien eingehalten werden.Die drei Grundwerte der Informationssicherheit:Vertraulichkeit, Verf\u00fcgbarkeit und Integrit\u00e4t werden dabei betrachtet. Sie konzentrieren sich auf Ihr Fachgebiet, wir k\u00fcmmern uns umdie technischen Sicherheitsaspekte und Siebleiben zukunftssicher.<\/p>\n","protected":false},"author":1,"featured_media":0,"parent":0,"menu_order":0,"comment_status":"closed","ping_status":"closed","template":"","meta":{"footnotes":""},"class_list":["post-31","page","type-page","status-publish","hentry"],"_links":{"self":[{"href":"https:\/\/www.mulitra.de\/index.php?rest_route=\/wp\/v2\/pages\/31","targetHints":{"allow":["GET"]}}],"collection":[{"href":"https:\/\/www.mulitra.de\/index.php?rest_route=\/wp\/v2\/pages"}],"about":[{"href":"https:\/\/www.mulitra.de\/index.php?rest_route=\/wp\/v2\/types\/page"}],"author":[{"embeddable":true,"href":"https:\/\/www.mulitra.de\/index.php?rest_route=\/wp\/v2\/users\/1"}],"replies":[{"embeddable":true,"href":"https:\/\/www.mulitra.de\/index.php?rest_route=%2Fwp%2Fv2%2Fcomments&post=31"}],"version-history":[{"count":7,"href":"https:\/\/www.mulitra.de\/index.php?rest_route=\/wp\/v2\/pages\/31\/revisions"}],"predecessor-version":[{"id":217,"href":"https:\/\/www.mulitra.de\/index.php?rest_route=\/wp\/v2\/pages\/31\/revisions\/217"}],"wp:attachment":[{"href":"https:\/\/www.mulitra.de\/index.php?rest_route=%2Fwp%2Fv2%2Fmedia&parent=31"}],"curies":[{"name":"wp","href":"https:\/\/api.w.org\/{rel}","templated":true}]}}